{"id":59,"date":"2024-04-21T11:32:31","date_gmt":"2024-04-21T09:32:31","guid":{"rendered":"https:\/\/catholique-francophone-norvege.com\/index.php\/home\/"},"modified":"2025-08-13T09:59:02","modified_gmt":"2025-08-13T07:59:02","slug":"bienvenue-sur-le-site-de-la-communaute-catholique-francophone-en-norvege","status":"publish","type":"page","link":"https:\/\/catholique-francophone-norvege.com\/","title":{"rendered":"Accueil"},"content":{"rendered":"\t\t<div data-elementor-type=\"wp-page\" data-elementor-id=\"59\" class=\"elementor elementor-59\">\n\t\t\t\t<div class=\"elementor-element elementor-element-d5cfde3 e-flex e-con-boxed e-con e-parent\" data-id=\"d5cfde3\" data-element_type=\"container\" data-settings=\"{&quot;background_background&quot;:&quot;classic&quot;}\">\n\t\t\t\t\t<div class=\"e-con-inner\">\n\t\t<div class=\"elementor-element elementor-element-a640a9d e-flex e-con-boxed elementor-invisible e-con e-child\" data-id=\"a640a9d\" data-element_type=\"container\" data-settings=\"{&quot;animation&quot;:&quot;fadeInDown&quot;}\">\n\t\t\t\t\t<div class=\"e-con-inner\">\n\t\t\t\t\t<\/div>\n\t\t\t\t<\/div>\n\t\t\t\t\t<\/div>\n\t\t\t\t<\/div>\n\t\t<div class=\"elementor-element elementor-element-8d69fbe e-flex e-con-boxed e-con e-parent\" data-id=\"8d69fbe\" data-element_type=\"container\">\n\t\t\t\t\t<div class=\"e-con-inner\">\n\t\t\t\t<div class=\"elementor-element elementor-element-14bf728 elementor-widget__width-inherit elementor-widget elementor-widget-heading\" data-id=\"14bf728\" data-element_type=\"widget\" data-widget_type=\"heading.default\">\n\t\t\t\t<div class=\"elementor-widget-container\">\n\t\t\t\t\t<h2 class=\"elementor-heading-title elementor-size-default\">Bienvenue sur le site <br>de la communaut\u00e9 catholique francophone<br> en Norv\u00e8ge<\/h2>\t\t\t\t<\/div>\n\t\t\t\t<\/div>\n\t\t\t\t\t<\/div>\n\t\t\t\t<\/div>\n\t\t<div class=\"elementor-element elementor-element-76b52626 e-flex e-con-boxed e-con e-parent\" data-id=\"76b52626\" data-element_type=\"container\">\n\t\t\t\t\t<div class=\"e-con-inner\">\n\t\t\t\t<div class=\"elementor-element elementor-element-3a7c96f elementor-widget__width-inherit elementor-widget elementor-widget-text-editor\" data-id=\"3a7c96f\" data-element_type=\"widget\" data-widget_type=\"text-editor.default\">\n\t\t\t\t<div class=\"elementor-widget-container\">\n\t\t\t\t\t\t\t\t\t<p class=\"wnd-align-center\" dir=\"ltr\">Que vous soyez de passage \u00e0 Oslo ou \u00e9tablis ici pour quelques mois ou quelques ann\u00e9es, la Communaut\u00e9 Catholique Francophone d&rsquo;Oslo est heureuse de vous accueillir !<\/p><p dir=\"ltr\">La communaut\u00e9 francophone est tr\u00e8s engag\u00e9e dans la transmission et l&rsquo;agrandissement de la foi. Nous proposons un \u00e9veil \u00e0 la foi durant les messes pour les enfants de 2-5 ans, et du cat\u00e9chisme pour les enfants de 6 \u00e0 18 ans . Il y a aussi la pri\u00e8re des m\u00e8res, pri\u00e8re de Taiz\u00e9, soir\u00e9e louange, une chorale, et une \u00e9quipe Notre Dame.<\/p><p dir=\"ltr\">Nous transmettons des informations r\u00e9guli\u00e8rement par email, si vous souhaitez faire partie de la liste, envoyez-nous un email \u00e0 <strong>catechisme.oslo@gmail.com<\/strong><\/p><p dir=\"ltr\">Le site comprend toutes les informations sur :<\/p><ul><li dir=\"ltr\" role=\"presentation\">Notre organisation<\/li><li dir=\"ltr\" role=\"presentation\">Les activit\u00e9s paroissiales : messes, cat\u00e9chismes, initiatives spirituelles, chorales\u2026<\/li><li dir=\"ltr\" role=\"presentation\">Des ressources pour vous accompagner dans votre foi: lecture des \u00c9vangiles, actualit\u00e9s.<\/li><\/ul><p dir=\"ltr\">N&rsquo;h\u00e9sitez pas \u00e0 prendre contact avec nous et \u00e0 relayer les informations aux nouveaux arrivants !<\/p>\t\t\t\t\t\t\t\t<\/div>\n\t\t\t\t<\/div>\n\t\t\t\t<div class=\"elementor-element elementor-element-30e5297 elementor-widget elementor-widget-heading\" data-id=\"30e5297\" data-element_type=\"widget\" data-widget_type=\"heading.default\">\n\t\t\t\t<div class=\"elementor-widget-container\">\n\t\t\t\t\t<h2 class=\"elementor-heading-title elementor-size-default\">Nos activit\u00e9s<\/h2>\t\t\t\t<\/div>\n\t\t\t\t<\/div>\n\t\t<div class=\"elementor-element elementor-element-b2d7dbe e-con-full e-flex e-con e-child\" data-id=\"b2d7dbe\" data-element_type=\"container\">\n\t\t\t\t<div class=\"elementor-element elementor-element-43ed2439 elementor-widget-tablet__width-initial elementor-widget-mobile__width-inherit elementor-widget__width-initial elementor-position-top elementor-widget elementor-widget-image-box\" data-id=\"43ed2439\" data-element_type=\"widget\" data-widget_type=\"image-box.default\">\n\t\t\t\t<div class=\"elementor-widget-container\">\n\t\t\t\t\t<div class=\"elementor-image-box-wrapper\"><figure class=\"elementor-image-box-img\"><a href=\"https:\/\/catholique-francophone-norvege.com\/index.php\/catechisme\/\" tabindex=\"-1\"><img decoding=\"async\" src=\"https:\/\/catholique-francophone-norvege.com\/wp-content\/uploads\/2024\/11\/cate2024.jpg\" title=\"cat\u00e92024\" alt=\"cat\u00e92024\" class=\"elementor-animation-grow\" loading=\"lazy\" \/><\/a><\/figure><div class=\"elementor-image-box-content\"><h4 class=\"elementor-image-box-title\"><a href=\"https:\/\/catholique-francophone-norvege.com\/index.php\/catechisme\/\">cat\u00e9chisme<\/a><\/h4><p class=\"elementor-image-box-description\">Permettre \u00e0 mon enfant<br>de d\u00e9couvrir la foi <br>en J\u00e9sus<\/p><\/div><\/div>\t\t\t\t<\/div>\n\t\t\t\t<\/div>\n\t\t\t\t<div class=\"elementor-element elementor-element-3afe9b04 elementor-widget-tablet__width-initial elementor-widget-mobile__width-inherit elementor-widget__width-initial elementor-position-top elementor-widget elementor-widget-image-box\" data-id=\"3afe9b04\" data-element_type=\"widget\" data-widget_type=\"image-box.default\">\n\t\t\t\t<div class=\"elementor-widget-container\">\n\t\t\t\t\t<div class=\"elementor-image-box-wrapper\"><figure class=\"elementor-image-box-img\"><a href=\"https:\/\/catholique-francophone-norvege.com\/index.php\/messes\/\" tabindex=\"-1\"><img fetchpriority=\"high\" decoding=\"async\" width=\"300\" height=\"300\" src=\"https:\/\/catholique-francophone-norvege.com\/wp-content\/uploads\/2024\/04\/istockpheucharistie-300x300.jpg\" class=\"elementor-animation-grow attachment-medium size-medium wp-image-187\" alt=\"\" srcset=\"https:\/\/catholique-francophone-norvege.com\/wp-content\/uploads\/2024\/04\/istockpheucharistie-300x300.jpg 300w, https:\/\/catholique-francophone-norvege.com\/wp-content\/uploads\/2024\/04\/istockpheucharistie-150x150.jpg 150w, https:\/\/catholique-francophone-norvege.com\/wp-content\/uploads\/2024\/04\/istockpheucharistie-600x600.jpg 600w, https:\/\/catholique-francophone-norvege.com\/wp-content\/uploads\/2024\/04\/istockpheucharistie.jpg 612w\" sizes=\"(max-width: 300px) 100vw, 300px\" \/><\/a><\/figure><div class=\"elementor-image-box-content\"><h4 class=\"elementor-image-box-title\"><a href=\"https:\/\/catholique-francophone-norvege.com\/index.php\/messes\/\">Messes<\/a><\/h4><p class=\"elementor-image-box-description\">Venir \u00e0 la messe<br>en fran\u00e7ais<br> en Norv\u00e8ge<\/p><\/div><\/div>\t\t\t\t<\/div>\n\t\t\t\t<\/div>\n\t\t\t\t<div class=\"elementor-element elementor-element-4013ea92 elementor-widget-tablet__width-initial elementor-widget-mobile__width-inherit elementor-widget__width-initial elementor-position-top elementor-widget elementor-widget-image-box\" data-id=\"4013ea92\" data-element_type=\"widget\" data-widget_type=\"image-box.default\">\n\t\t\t\t<div class=\"elementor-widget-container\">\n\t\t\t\t\t<div class=\"elementor-image-box-wrapper\"><figure class=\"elementor-image-box-img\"><a href=\"https:\/\/catholique-francophone-norvege.com\/index.php\/activites\/\" tabindex=\"-1\"><img decoding=\"async\" width=\"300\" height=\"300\" src=\"https:\/\/catholique-francophone-norvege.com\/wp-content\/uploads\/2024\/04\/symbols-catechism-religious-vector-design-600nw-2260873857-Copie-300x300.png\" class=\"elementor-animation-grow attachment-medium size-medium wp-image-195\" alt=\"\" srcset=\"https:\/\/catholique-francophone-norvege.com\/wp-content\/uploads\/2024\/04\/symbols-catechism-religious-vector-design-600nw-2260873857-Copie-300x300.png 300w, https:\/\/catholique-francophone-norvege.com\/wp-content\/uploads\/2024\/04\/symbols-catechism-religious-vector-design-600nw-2260873857-Copie-150x150.png 150w, https:\/\/catholique-francophone-norvege.com\/wp-content\/uploads\/2024\/04\/symbols-catechism-religious-vector-design-600nw-2260873857-Copie.png 423w\" sizes=\"(max-width: 300px) 100vw, 300px\" \/><\/a><\/figure><div class=\"elementor-image-box-content\"><h4 class=\"elementor-image-box-title\"><a href=\"https:\/\/catholique-francophone-norvege.com\/index.php\/activites\/\">Autres activit\u00e9s<\/a><\/h4><p class=\"elementor-image-box-description\">Pri\u00e8re des m\u00e8res, de Taiz\u00e9, soir\u00e9e louange, \u00e9quipes Notre Dame, chorale, ...<\/p><\/div><\/div>\t\t\t\t<\/div>\n\t\t\t\t<\/div>\n\t\t\t\t<div class=\"elementor-element elementor-element-580d492f elementor-widget-tablet__width-initial elementor-widget-mobile__width-inherit elementor-widget__width-initial elementor-position-top elementor-widget elementor-widget-image-box\" data-id=\"580d492f\" data-element_type=\"widget\" data-widget_type=\"image-box.default\">\n\t\t\t\t<div class=\"elementor-widget-container\">\n\t\t\t\t\t<div class=\"elementor-image-box-wrapper\"><figure class=\"elementor-image-box-img\"><a href=\"https:\/\/catholique-francophone-norvege.com\/index.php\/actualites\" tabindex=\"-1\"><img decoding=\"async\" width=\"300\" height=\"300\" src=\"https:\/\/catholique-francophone-norvege.com\/wp-content\/uploads\/2024\/04\/news-300x300.png\" class=\"elementor-animation-grow attachment-medium size-medium wp-image-188\" alt=\"\" srcset=\"https:\/\/catholique-francophone-norvege.com\/wp-content\/uploads\/2024\/04\/news-300x300.png 300w, https:\/\/catholique-francophone-norvege.com\/wp-content\/uploads\/2024\/04\/news-150x150.png 150w, https:\/\/catholique-francophone-norvege.com\/wp-content\/uploads\/2024\/04\/news.png 512w\" sizes=\"(max-width: 300px) 100vw, 300px\" \/><\/a><\/figure><div class=\"elementor-image-box-content\"><h4 class=\"elementor-image-box-title\"><a href=\"https:\/\/catholique-francophone-norvege.com\/index.php\/actualites\">Actualit\u00e9s<\/a><\/h4><p class=\"elementor-image-box-description\">Quoi de neuf dans la communaut\u00e9 francophone<br>\u00e0 Oslo ?<\/p><\/div><\/div>\t\t\t\t<\/div>\n\t\t\t\t<\/div>\n\t\t\t\t<\/div>\n\t\t\t\t\t<\/div>\n\t\t\t\t<\/div>\n\t\t<div class=\"elementor-element elementor-element-5de17b3 e-flex e-con-boxed e-con e-parent\" data-id=\"5de17b3\" data-element_type=\"container\">\n\t\t\t\t\t<div class=\"e-con-inner\">\n\t\t\t\t\t<\/div>\n\t\t\t\t<\/div>\n\t\t<div class=\"elementor-element elementor-element-4f73c22 e-flex e-con-boxed e-con e-parent\" data-id=\"4f73c22\" data-element_type=\"container\">\n\t\t\t\t\t<div class=\"e-con-inner\">\n\t\t<div class=\"elementor-element elementor-element-ab71705 e-con-full e-flex e-con e-child\" data-id=\"ab71705\" data-element_type=\"container\">\n\t\t\t\t<div class=\"elementor-element elementor-element-fd1b214 elementor-widget elementor-widget-heading\" data-id=\"fd1b214\" data-element_type=\"widget\" data-widget_type=\"heading.default\">\n\t\t\t\t<div class=\"elementor-widget-container\">\n\t\t\t\t\t<h2 class=\"elementor-heading-title elementor-size-default\">Enregistrez-vous \u00e0 l\u2019\u00c9glise catholique de Norv\u00e8ge <\/h2>\t\t\t\t<\/div>\n\t\t\t\t<\/div>\n\t\t\t\t<div class=\"elementor-element elementor-element-573fc74 elementor-widget__width-inherit elementor-widget elementor-widget-text-editor\" data-id=\"573fc74\" data-element_type=\"widget\" data-widget_type=\"text-editor.default\">\n\t\t\t\t<div class=\"elementor-widget-container\">\n\t\t\t\t\t\t\t\t\t<div class=\"col-lg-7 me-auto\"><div class=\"field field--name-body field--type-text-with-summary field--label-hidden field__item\"><div class=\"articleDescription\"><p>Il est essentiel pour l\u2019\u00c9glise catholique d\u2019avoir un aper\u00e7u g\u00e9n\u00e9ral des croyants afin d\u2019assurer les services pastoraux et liturgiques.<br \/>En Norv\u00e8ge, l\u2019enregistrement des catholiques est \u00e9galement n\u00e9cessaire afin que l\u2019\u00c9glise puisse recevoir des subventions publiques au m\u00eame titre que toutes les autres communaut\u00e9s religieuses enregistr\u00e9es.<\/p><p><strong>Il est tr\u00e8s important que chaque catholique s&rsquo;enregistre sur ce lien<\/strong> <a href=\"https:\/\/www.katolsk.no\/organisasjon\/norge\/personnummer\" target=\"_blank\" rel=\"noopener\">www.katolsk.no\/organisasjon\/norge\/personnummer<\/a> pour que l\u2019\u00c9glise ne perde pas ses subventions publiques.<\/p><p><a href=\"https:\/\/www.katolsk.no\/organisasjon\/norge\/personnummer\" target=\"_blank\" rel=\"noopener\">Lire plus d&rsquo;explications ici.<\/a><\/p><\/div><\/div><\/div>\t\t\t\t\t\t\t\t<\/div>\n\t\t\t\t<\/div>\n\t\t\t\t<\/div>\n\t\t\t\t\t<\/div>\n\t\t\t\t<\/div>\n\t\t<div class=\"elementor-element elementor-element-7ffd704 e-flex e-con-boxed e-con e-parent\" data-id=\"7ffd704\" data-element_type=\"container\">\n\t\t\t\t\t<div class=\"e-con-inner\">\n\t\t\t\t<div class=\"elementor-element elementor-element-1820de3 elementor-widget elementor-widget-text-editor\" data-id=\"1820de3\" data-element_type=\"widget\" data-widget_type=\"text-editor.default\">\n\t\t\t\t<div class=\"elementor-widget-container\">\n\t\t\t\t\t\t\t\t\t<p>\u00a0\u00a0 <\/p>\t\t\t\t\t\t\t\t<\/div>\n\t\t\t\t<\/div>\n\t\t\t\t\t<\/div>\n\t\t\t\t<\/div>\n\t\t<div class=\"elementor-element elementor-element-5032293 e-flex e-con-boxed e-con e-parent\" data-id=\"5032293\" data-element_type=\"container\">\n\t\t\t\t\t<div class=\"e-con-inner\">\n\t\t\t\t<div class=\"elementor-element elementor-element-d5c8c43 elementor-widget elementor-widget-text-editor\" data-id=\"d5c8c43\" data-element_type=\"widget\" data-widget_type=\"text-editor.default\">\n\t\t\t\t<div class=\"elementor-widget-container\">\n\t\t\t\t\t\t\t\t\t<div style=\"text-align: center;\">Nous suivre sur\u00a0 <a href=\"https:\/\/www.facebook.com\/cathoFRenNOR\" target=\"_blank\" rel=\"nofollow noopener noreferrer\">Facebook\u00a0<\/a><\/div><div style=\"text-align: center;\">Dioc\u00e8se d&rsquo;Oslo : <a href=\"https:\/\/www.katolsk.no\" target=\"_blank\" rel=\"nofollow noopener noreferrer\">www.katolsk.no<\/a>\u00a0<\/div>\t\t\t\t\t\t\t\t<\/div>\n\t\t\t\t<\/div>\n\t\t\t\t\t<\/div>\n\t\t\t\t<\/div>\n\t\t<div class=\"elementor-element elementor-element-d9bd444 e-flex e-con-boxed e-con e-parent\" data-id=\"d9bd444\" data-element_type=\"container\">\n\t\t\t\t\t<div class=\"e-con-inner\">\n\t\t\t\t<div class=\"elementor-element elementor-element-4dd80c5 elementor-widget elementor-widget-text-editor\" data-id=\"4dd80c5\" data-element_type=\"widget\" data-widget_type=\"text-editor.default\">\n\t\t\t\t<div class=\"elementor-widget-container\">\n\t\t\t\t\t\t\t\t\t<p>\u00a0<\/p><p style=\"text-align: center;\"><em>Velkommen til siden fra det fransktalende katolske samfunnet <\/em><em>i Norge<\/em><\/p><p style=\"text-align: center;\"><em>Nettstedet inneholder all informasjon om v\u00e5r organisasjon, menighetsaktiviteter (messer p\u00e5 fransk i Oslo og andre byer i Norge, katekismer, \u00e5ndelige initiativer, kor osv.), ressurser for \u00e5 f\u00f8lge deg i din tro (lese evangeliene, nyheter).<\/em><\/p><p style=\"text-align: center;\"><em>Kontakt oss og formidle informasjonen til nykommere!<\/em><\/p>\t\t\t\t\t\t\t\t<\/div>\n\t\t\t\t<\/div>\n\t\t\t\t\t<\/div>\n\t\t\t\t<\/div>\n\t\t\t\t<\/div>\n\t\t","protected":false},"excerpt":{"rendered":"<p>Bienvenue sur le site de la communaut\u00e9 catholique francophone en Norv\u00e8ge Que vous soyez de passage \u00e0 Oslo ou \u00e9tablis ici pour quelques mois ou quelques ann\u00e9es, la Communaut\u00e9 Catholique Francophone d&rsquo;Oslo est heureuse de vous accueillir ! La communaut\u00e9 francophone est tr\u00e8s engag\u00e9e dans la transmission et l&rsquo;agrandissement de la foi. Nous proposons un [&hellip;]<\/p>\n","protected":false},"author":2,"featured_media":667,"parent":0,"menu_order":0,"comment_status":"closed","ping_status":"closed","template":"elementor_header_footer","meta":{"footnotes":""},"class_list":["post-59","page","type-page","status-publish","has-post-thumbnail","hentry","entry","has-media"],"yoast_head":"<!-- This site is optimized with the Yoast SEO plugin v24.3 - https:\/\/yoast.com\/wordpress\/plugins\/seo\/ -->\n<title>Accueil - Communaut\u00e9 Catholique Francophone en Norv\u00e8ge<\/title>\n<meta name=\"description\" content=\"Toutes les informations utiles pour les catholiques francophones en Norv\u00e8ge : horaires des messes, inscriptions au cat\u00e9chisme, activit\u00e9s paroissiales,...\" \/>\n<meta name=\"robots\" content=\"index, follow, max-snippet:-1, max-image-preview:large, max-video-preview:-1\" \/>\n<link rel=\"canonical\" href=\"https:\/\/catholique-francophone-norvege.com\/\" \/>\n<meta property=\"og:locale\" content=\"fr_FR\" \/>\n<meta property=\"og:type\" content=\"article\" \/>\n<meta property=\"og:title\" content=\"Bienvenue sur le site de la communaut\u00e9 catholique francophone en Norv\u00e8ge\" \/>\n<meta property=\"og:description\" content=\"Toutes les informations utiles pour les catholiques francophones en Norv\u00e8ge : horaires des messes, inscriptions au cat\u00e9chisme, activit\u00e9s paroissiales,...\" \/>\n<meta property=\"og:url\" content=\"https:\/\/catholique-francophone-norvege.com\/\" \/>\n<meta property=\"og:site_name\" content=\"Communaut\u00e9 Catholique Francophone en Norv\u00e8ge\" \/>\n<meta property=\"article:modified_time\" content=\"2025-08-13T07:59:02+00:00\" \/>\n<meta property=\"og:image\" content=\"http:\/\/catholique-francophone-norvege.com\/wp-content\/uploads\/2024\/08\/cropped-logo-st-Olav_FR_NOR.png\" \/>\n\t<meta property=\"og:image:width\" content=\"512\" \/>\n\t<meta property=\"og:image:height\" content=\"512\" \/>\n\t<meta property=\"og:image:type\" content=\"image\/png\" \/>\n<meta name=\"twitter:card\" content=\"summary_large_image\" \/>\n<meta name=\"twitter:label1\" content=\"Dur\u00e9e de lecture estim\u00e9e\" \/>\n\t<meta name=\"twitter:data1\" content=\"3 minutes\" \/>\n<script type=\"application\/ld+json\" class=\"yoast-schema-graph\">{\"@context\":\"https:\/\/schema.org\",\"@graph\":[{\"@type\":\"WebPage\",\"@id\":\"https:\/\/catholique-francophone-norvege.com\/\",\"url\":\"https:\/\/catholique-francophone-norvege.com\/\",\"name\":\"Accueil - Communaut\u00e9 Catholique Francophone en Norv\u00e8ge\",\"isPartOf\":{\"@id\":\"https:\/\/catholique-francophone-norvege.com\/#website\"},\"primaryImageOfPage\":{\"@id\":\"https:\/\/catholique-francophone-norvege.com\/#primaryimage\"},\"image\":{\"@id\":\"https:\/\/catholique-francophone-norvege.com\/#primaryimage\"},\"thumbnailUrl\":\"https:\/\/catholique-francophone-norvege.com\/wp-content\/uploads\/2024\/08\/cropped-logo-st-Olav_FR_NOR.png\",\"datePublished\":\"2024-04-21T09:32:31+00:00\",\"dateModified\":\"2025-08-13T07:59:02+00:00\",\"description\":\"Toutes les informations utiles pour les catholiques francophones en Norv\u00e8ge : horaires des messes, inscriptions au cat\u00e9chisme, activit\u00e9s paroissiales,...\",\"breadcrumb\":{\"@id\":\"https:\/\/catholique-francophone-norvege.com\/#breadcrumb\"},\"inLanguage\":\"fr-FR\",\"potentialAction\":[{\"@type\":\"ReadAction\",\"target\":[\"https:\/\/catholique-francophone-norvege.com\/\"]}]},{\"@type\":\"ImageObject\",\"inLanguage\":\"fr-FR\",\"@id\":\"https:\/\/catholique-francophone-norvege.com\/#primaryimage\",\"url\":\"https:\/\/catholique-francophone-norvege.com\/wp-content\/uploads\/2024\/08\/cropped-logo-st-Olav_FR_NOR.png\",\"contentUrl\":\"https:\/\/catholique-francophone-norvege.com\/wp-content\/uploads\/2024\/08\/cropped-logo-st-Olav_FR_NOR.png\",\"width\":512,\"height\":512},{\"@type\":\"BreadcrumbList\",\"@id\":\"https:\/\/catholique-francophone-norvege.com\/#breadcrumb\",\"itemListElement\":[{\"@type\":\"ListItem\",\"position\":1,\"name\":\"Accueil\",\"item\":\"https:\/\/catholique-francophone-norvege.com\/\"},{\"@type\":\"ListItem\",\"position\":2,\"name\":\"Accueil\"}]},{\"@type\":\"WebSite\",\"@id\":\"https:\/\/catholique-francophone-norvege.com\/#website\",\"url\":\"https:\/\/catholique-francophone-norvege.com\/\",\"name\":\"Communaut\u00e9 Catholique Francophone en Norv\u00e8ge\",\"description\":\"Toutes les informations utiles pour les catholiques francophones en Norv\u00e8ge : horaires des messes, inscriptions au cat\u00e9chisme, activit\u00e9s paroissiales,...\",\"publisher\":{\"@id\":\"https:\/\/catholique-francophone-norvege.com\/#organization\"},\"potentialAction\":[{\"@type\":\"SearchAction\",\"target\":{\"@type\":\"EntryPoint\",\"urlTemplate\":\"https:\/\/catholique-francophone-norvege.com\/?s={search_term_string}\"},\"query-input\":{\"@type\":\"PropertyValueSpecification\",\"valueRequired\":true,\"valueName\":\"search_term_string\"}}],\"inLanguage\":\"fr-FR\"},{\"@type\":\"Organization\",\"@id\":\"https:\/\/catholique-francophone-norvege.com\/#organization\",\"name\":\"Communaut\u00e9 Catholique Francophone en Norv\u00e8ge\",\"url\":\"https:\/\/catholique-francophone-norvege.com\/\",\"logo\":{\"@type\":\"ImageObject\",\"inLanguage\":\"fr-FR\",\"@id\":\"https:\/\/catholique-francophone-norvege.com\/#\/schema\/logo\/image\/\",\"url\":\"https:\/\/catholique-francophone-norvege.com\/wp-content\/uploads\/2024\/08\/cropped-logo-st-Olav_FR_NOR.png\",\"contentUrl\":\"https:\/\/catholique-francophone-norvege.com\/wp-content\/uploads\/2024\/08\/cropped-logo-st-Olav_FR_NOR.png\",\"width\":512,\"height\":512,\"caption\":\"Communaut\u00e9 Catholique Francophone en Norv\u00e8ge\"},\"image\":{\"@id\":\"https:\/\/catholique-francophone-norvege.com\/#\/schema\/logo\/image\/\"}}]}<\/script>\n<!-- \/ Yoast SEO plugin. -->","yoast_head_json":{"title":"Accueil - Communaut\u00e9 Catholique Francophone en Norv\u00e8ge","description":"Toutes les informations utiles pour les catholiques francophones en Norv\u00e8ge : horaires des messes, inscriptions au cat\u00e9chisme, activit\u00e9s paroissiales,...","robots":{"index":"index","follow":"follow","max-snippet":"max-snippet:-1","max-image-preview":"max-image-preview:large","max-video-preview":"max-video-preview:-1"},"canonical":"https:\/\/catholique-francophone-norvege.com\/","og_locale":"fr_FR","og_type":"article","og_title":"Bienvenue sur le site de la communaut\u00e9 catholique francophone en Norv\u00e8ge","og_description":"Toutes les informations utiles pour les catholiques francophones en Norv\u00e8ge : horaires des messes, inscriptions au cat\u00e9chisme, activit\u00e9s paroissiales,...","og_url":"https:\/\/catholique-francophone-norvege.com\/","og_site_name":"Communaut\u00e9 Catholique Francophone en Norv\u00e8ge","article_modified_time":"2025-08-13T07:59:02+00:00","og_image":[{"width":512,"height":512,"url":"http:\/\/catholique-francophone-norvege.com\/wp-content\/uploads\/2024\/08\/cropped-logo-st-Olav_FR_NOR.png","type":"image\/png"}],"twitter_card":"summary_large_image","twitter_misc":{"Dur\u00e9e de lecture estim\u00e9e":"3 minutes"},"schema":{"@context":"https:\/\/schema.org","@graph":[{"@type":"WebPage","@id":"https:\/\/catholique-francophone-norvege.com\/","url":"https:\/\/catholique-francophone-norvege.com\/","name":"Accueil - Communaut\u00e9 Catholique Francophone en Norv\u00e8ge","isPartOf":{"@id":"https:\/\/catholique-francophone-norvege.com\/#website"},"primaryImageOfPage":{"@id":"https:\/\/catholique-francophone-norvege.com\/#primaryimage"},"image":{"@id":"https:\/\/catholique-francophone-norvege.com\/#primaryimage"},"thumbnailUrl":"https:\/\/catholique-francophone-norvege.com\/wp-content\/uploads\/2024\/08\/cropped-logo-st-Olav_FR_NOR.png","datePublished":"2024-04-21T09:32:31+00:00","dateModified":"2025-08-13T07:59:02+00:00","description":"Toutes les informations utiles pour les catholiques francophones en Norv\u00e8ge : horaires des messes, inscriptions au cat\u00e9chisme, activit\u00e9s paroissiales,...","breadcrumb":{"@id":"https:\/\/catholique-francophone-norvege.com\/#breadcrumb"},"inLanguage":"fr-FR","potentialAction":[{"@type":"ReadAction","target":["https:\/\/catholique-francophone-norvege.com\/"]}]},{"@type":"ImageObject","inLanguage":"fr-FR","@id":"https:\/\/catholique-francophone-norvege.com\/#primaryimage","url":"https:\/\/catholique-francophone-norvege.com\/wp-content\/uploads\/2024\/08\/cropped-logo-st-Olav_FR_NOR.png","contentUrl":"https:\/\/catholique-francophone-norvege.com\/wp-content\/uploads\/2024\/08\/cropped-logo-st-Olav_FR_NOR.png","width":512,"height":512},{"@type":"BreadcrumbList","@id":"https:\/\/catholique-francophone-norvege.com\/#breadcrumb","itemListElement":[{"@type":"ListItem","position":1,"name":"Accueil","item":"https:\/\/catholique-francophone-norvege.com\/"},{"@type":"ListItem","position":2,"name":"Accueil"}]},{"@type":"WebSite","@id":"https:\/\/catholique-francophone-norvege.com\/#website","url":"https:\/\/catholique-francophone-norvege.com\/","name":"Communaut\u00e9 Catholique Francophone en Norv\u00e8ge","description":"Toutes les informations utiles pour les catholiques francophones en Norv\u00e8ge : horaires des messes, inscriptions au cat\u00e9chisme, activit\u00e9s paroissiales,...","publisher":{"@id":"https:\/\/catholique-francophone-norvege.com\/#organization"},"potentialAction":[{"@type":"SearchAction","target":{"@type":"EntryPoint","urlTemplate":"https:\/\/catholique-francophone-norvege.com\/?s={search_term_string}"},"query-input":{"@type":"PropertyValueSpecification","valueRequired":true,"valueName":"search_term_string"}}],"inLanguage":"fr-FR"},{"@type":"Organization","@id":"https:\/\/catholique-francophone-norvege.com\/#organization","name":"Communaut\u00e9 Catholique Francophone en Norv\u00e8ge","url":"https:\/\/catholique-francophone-norvege.com\/","logo":{"@type":"ImageObject","inLanguage":"fr-FR","@id":"https:\/\/catholique-francophone-norvege.com\/#\/schema\/logo\/image\/","url":"https:\/\/catholique-francophone-norvege.com\/wp-content\/uploads\/2024\/08\/cropped-logo-st-Olav_FR_NOR.png","contentUrl":"https:\/\/catholique-francophone-norvege.com\/wp-content\/uploads\/2024\/08\/cropped-logo-st-Olav_FR_NOR.png","width":512,"height":512,"caption":"Communaut\u00e9 Catholique Francophone en Norv\u00e8ge"},"image":{"@id":"https:\/\/catholique-francophone-norvege.com\/#\/schema\/logo\/image\/"}}]}},"jetpack_sharing_enabled":true,"_links":{"self":[{"href":"https:\/\/catholique-francophone-norvege.com\/index.php\/wp-json\/wp\/v2\/pages\/59","targetHints":{"allow":["GET"]}}],"collection":[{"href":"https:\/\/catholique-francophone-norvege.com\/index.php\/wp-json\/wp\/v2\/pages"}],"about":[{"href":"https:\/\/catholique-francophone-norvege.com\/index.php\/wp-json\/wp\/v2\/types\/page"}],"author":[{"embeddable":true,"href":"https:\/\/catholique-francophone-norvege.com\/index.php\/wp-json\/wp\/v2\/users\/2"}],"replies":[{"embeddable":true,"href":"https:\/\/catholique-francophone-norvege.com\/index.php\/wp-json\/wp\/v2\/comments?post=59"}],"version-history":[{"count":145,"href":"https:\/\/catholique-francophone-norvege.com\/index.php\/wp-json\/wp\/v2\/pages\/59\/revisions"}],"predecessor-version":[{"id":905,"href":"https:\/\/catholique-francophone-norvege.com\/index.php\/wp-json\/wp\/v2\/pages\/59\/revisions\/905"}],"wp:featuredmedia":[{"embeddable":true,"href":"https:\/\/catholique-francophone-norvege.com\/index.php\/wp-json\/wp\/v2\/media\/667"}],"wp:attachment":[{"href":"https:\/\/catholique-francophone-norvege.com\/index.php\/wp-json\/wp\/v2\/media?parent=59"}],"curies":[{"name":"wp","href":"https:\/\/api.w.org\/{rel}","templated":true}]}}