{"id":39,"date":"2024-04-21T11:32:27","date_gmt":"2024-04-21T09:32:27","guid":{"rendered":"https:\/\/catholique-francophone-norvege.com\/index.php\/contact-us\/"},"modified":"2025-08-13T10:43:01","modified_gmt":"2025-08-13T08:43:01","slug":"contact","status":"publish","type":"page","link":"https:\/\/catholique-francophone-norvege.com\/index.php\/contact\/","title":{"rendered":"Nous contacter"},"content":{"rendered":"\t\t<div data-elementor-type=\"wp-page\" data-elementor-id=\"39\" class=\"elementor elementor-39\">\n\t\t\t\t<div class=\"elementor-element elementor-element-c2898f2 e-flex e-con-boxed e-con e-parent\" data-id=\"c2898f2\" data-element_type=\"container\">\n\t\t\t\t\t<div class=\"e-con-inner\">\n\t\t<div class=\"elementor-element elementor-element-62bc6d6 e-con-full e-flex e-con e-child\" data-id=\"62bc6d6\" data-element_type=\"container\">\n\t\t\t\t<div class=\"elementor-element elementor-element-03e2ee4 elementor-widget elementor-widget-text-editor\" data-id=\"03e2ee4\" data-element_type=\"widget\" data-widget_type=\"text-editor.default\">\n\t\t\t\t<div class=\"elementor-widget-container\">\n\t\t\t\t\t\t\t\t\t<h1>Contacter le pr\u00eatre<\/h1>\t\t\t\t\t\t\t\t<\/div>\n\t\t\t\t<\/div>\n\t\t\t\t<\/div>\n\t\t<div class=\"elementor-element elementor-element-0e601db e-con-full e-flex e-con e-child\" data-id=\"0e601db\" data-element_type=\"container\">\n\t\t\t\t<\/div>\n\t\t\t\t\t<\/div>\n\t\t\t\t<\/div>\n\t\t<div class=\"elementor-element elementor-element-693efbb e-flex e-con-boxed e-con e-parent\" data-id=\"693efbb\" data-element_type=\"container\">\n\t\t\t\t\t<div class=\"e-con-inner\">\n\t\t<div class=\"elementor-element elementor-element-8f5b6b0 e-con-full e-flex e-con e-child\" data-id=\"8f5b6b0\" data-element_type=\"container\">\n\t\t<div class=\"elementor-element elementor-element-540ad16 e-con-full e-flex e-con e-child\" data-id=\"540ad16\" data-element_type=\"container\">\n\t\t\t\t<div class=\"elementor-element elementor-element-eba80bc elementor-invisible elementor-widget elementor-widget-heading\" data-id=\"eba80bc\" data-element_type=\"widget\" data-settings=\"{&quot;_animation&quot;:&quot;fadeIn&quot;}\" data-widget_type=\"heading.default\">\n\t\t\t\t<div class=\"elementor-widget-container\">\n\t\t\t\t\t<h1 class=\"elementor-heading-title elementor-size-default\"><h1>Contacter le pr\u00eatre<\/h1>\t\t\t\t<\/div>\n\t\t\t\t<\/div>\n\t\t\t\t<\/div>\n\t\t\t\t<\/div>\n\t\t\t\t\t<\/div>\n\t\t\t\t<\/div>\n\t\t<div class=\"elementor-element elementor-element-22ca6d6 e-flex e-con-boxed e-con e-parent\" data-id=\"22ca6d6\" data-element_type=\"container\">\n\t\t\t\t\t<div class=\"e-con-inner\">\n\t\t<div class=\"elementor-element elementor-element-487de72 e-con-full e-flex e-con e-child\" data-id=\"487de72\" data-element_type=\"container\">\n\t\t\t\t<div class=\"elementor-element elementor-element-8adda57 elementor-widget elementor-widget-image\" data-id=\"8adda57\" data-element_type=\"widget\" data-widget_type=\"image.default\">\n\t\t\t\t<div class=\"elementor-widget-container\">\n\t\t\t\t\t\t\t\t\t\t\t\t\t\t\t<img fetchpriority=\"high\" decoding=\"async\" width=\"300\" height=\"238\" src=\"https:\/\/catholique-francophone-norvege.com\/wp-content\/uploads\/2025\/08\/Pere_Charles-300x238.jpg\" class=\"attachment-medium size-medium wp-image-906\" alt=\"\" srcset=\"https:\/\/catholique-francophone-norvege.com\/wp-content\/uploads\/2025\/08\/Pere_Charles-300x238.jpg 300w, https:\/\/catholique-francophone-norvege.com\/wp-content\/uploads\/2025\/08\/Pere_Charles.jpg 409w\" sizes=\"(max-width: 300px) 100vw, 300px\" \/>\t\t\t\t\t\t\t\t\t\t\t\t\t\t\t<\/div>\n\t\t\t\t<\/div>\n\t\t\t\t<\/div>\n\t\t<div class=\"elementor-element elementor-element-eaf7b2a e-con-full e-flex e-con e-child\" data-id=\"eaf7b2a\" data-element_type=\"container\">\n\t\t\t\t<div class=\"elementor-element elementor-element-23f516b elementor-widget elementor-widget-text-editor\" data-id=\"23f516b\" data-element_type=\"widget\" data-widget_type=\"text-editor.default\">\n\t\t\t\t<div class=\"elementor-widget-container\">\n\t\t\t\t\t\t\t\t\t<h1>P\u00e8re Charles-Placide ZONDO<\/h1><p>Tlf\u00a0: + 47\u00a0489 95\u00a0645<\/p><p><a href=\"about:blank\">charles.zondo@katolsk.no<\/a><\/p>\t\t\t\t\t\t\t\t<\/div>\n\t\t\t\t<\/div>\n\t\t\t\t<\/div>\n\t\t\t\t\t<\/div>\n\t\t\t\t<\/div>\n\t\t<div class=\"elementor-element elementor-element-6a74c19 e-flex e-con-boxed e-con e-parent\" data-id=\"6a74c19\" data-element_type=\"container\">\n\t\t\t\t\t<div class=\"e-con-inner\">\n\t\t\t\t<div class=\"elementor-element elementor-element-2e1138a elementor-invisible elementor-widget elementor-widget-heading\" data-id=\"2e1138a\" data-element_type=\"widget\" data-settings=\"{&quot;_animation&quot;:&quot;fadeIn&quot;}\" data-widget_type=\"heading.default\">\n\t\t\t\t<div class=\"elementor-widget-container\">\n\t\t\t\t\t<h1 class=\"elementor-heading-title elementor-size-default\">Contacter la communaut\u00e9<\/h1>\t\t\t\t<\/div>\n\t\t\t\t<\/div>\n\t\t\t\t\t<\/div>\n\t\t\t\t<\/div>\n\t\t<div class=\"elementor-element elementor-element-f9ea712 e-flex e-con-boxed e-con e-parent\" data-id=\"f9ea712\" data-element_type=\"container\">\n\t\t\t\t\t<div class=\"e-con-inner\">\n\t\t\t\t<div class=\"elementor-element elementor-element-cbaac2d elementor-widget__width-inherit elementor-widget elementor-widget-shortcode\" data-id=\"cbaac2d\" data-element_type=\"widget\" data-widget_type=\"shortcode.default\">\n\t\t\t\t<div class=\"elementor-widget-container\">\n\t\t\t\t\t\t\t<div class=\"elementor-shortcode\"><div class=\"frm_forms  with_frm_style frm_style_style-formidable\" id=\"frm_form_2_container\" data-token=\"a2a56de2e6638cf7db71487536666e58\">\n<form enctype=\"multipart\/form-data\" method=\"post\" class=\"frm-show-form \" id=\"form_contact_form\" data-token=\"a2a56de2e6638cf7db71487536666e58\">\n<div class=\"frm_form_fields \">\n<fieldset>\n<legend class=\"frm_screen_reader\">Contact_form<\/legend>\r\n\r\n<div class=\"frm_fields_container\">\n<input type=\"hidden\" name=\"frm_action\" value=\"create\" \/>\n<input type=\"hidden\" name=\"form_id\" value=\"2\" \/>\n<input type=\"hidden\" name=\"frm_hide_fields_2\" id=\"frm_hide_fields_2\" value=\"\" \/>\n<input type=\"hidden\" name=\"form_key\" value=\"contact_form\" \/>\n<input type=\"hidden\" name=\"item_meta[0]\" value=\"\" \/>\n<input type=\"hidden\" id=\"frm_submit_entry_2\" name=\"frm_submit_entry_2\" value=\"e34b7b5b30\" \/><input type=\"hidden\" name=\"_wp_http_referer\" value=\"\/index.php\/wp-json\/wp\/v2\/pages\/39\" \/><div id=\"frm_field_18_container\" class=\"frm_form_field form-field  frm_required_field frm_top_container frm12 frm_first\">\r\n\t<label for=\"field_g8cgs\" id=\"field_g8cgs_label\" class=\"frm_primary_label\">Nom pr\u00e9nom :\r\n\t\t<span class=\"frm_required\" aria-hidden=\"true\">*<\/span>\r\n\t<\/label>\r\n\t<input type=\"text\" id=\"field_g8cgs\" name=\"item_meta[18]\" value=\"\"  data-reqmsg=\"Nom pr\u00e9nom : ne peut pas \u00eatre vide.\" aria-required=\"true\" data-invmsg=\"Nom pr\u00e9nom : est non valide\" aria-invalid=\"false\"  \/>\r\n\t\r\n\t\r\n<\/div>\n<div id=\"frm_field_8_container\" class=\"frm_form_field form-field  frm_required_field frm_top_container frm6 frm_first\">\r\n\t<label for=\"field_29yf4d2\" id=\"field_29yf4d2_label\" class=\"frm_primary_label\">Email\r\n\t\t<span class=\"frm_required\" aria-hidden=\"true\">*<\/span>\r\n\t<\/label>\r\n\t<input type=\"email\" id=\"field_29yf4d2\" name=\"item_meta[8]\" value=\"\"  data-reqmsg=\"Email ne peut pas \u00eatre vide.\" aria-required=\"true\" data-invmsg=\"Please enter a valid email address\" aria-invalid=\"false\"  \/>\r\n\t\r\n\t\r\n<\/div>\n<div id=\"frm_field_13_container\" class=\"frm_form_field form-field  frm_top_container frm6\">\r\n\t<label for=\"field_5sse0\" id=\"field_5sse0_label\" class=\"frm_primary_label\">T\u00e9l\u00e9phone\r\n\t\t<span class=\"frm_required\" aria-hidden=\"true\"><\/span>\r\n\t<\/label>\r\n\t<input type=\"text\" id=\"field_5sse0\" name=\"item_meta[13]\" value=\"\"  data-invmsg=\"T\u00e9l\u00e9phone est non valide\" aria-invalid=\"false\"  \/>\r\n\t\r\n\t\r\n<\/div>\n<div id=\"frm_field_14_container\" class=\"frm_form_field form-field  frm_top_container vertical_radio\">\r\n\t<div  id=\"field_nrf00_label\" class=\"frm_primary_label\">Vous souhaitez nous contacter \u00e0 propos :\r\n\t\t<span class=\"frm_required\" aria-hidden=\"true\"><\/span>\r\n\t<\/div>\r\n\t<div class=\"frm_opt_container\" aria-labelledby=\"field_nrf00_label\" role=\"group\">\t\t<div class=\"frm_checkbox\" id=\"frm_checkbox_14-5\">\t\t\t<label  for=\"field_nrf00-5\">\n\t\t\t<input type=\"checkbox\" name=\"item_meta[14][]\" id=\"field_nrf00-5\" value=\"des messes ?\"  data-invmsg=\"Vous souhaitez nous contacter \u00e0 propos : est non valide\" aria-invalid=\"false\"   \/> des messes ?<\/label><\/div>\n\t\t<div class=\"frm_checkbox\" id=\"frm_checkbox_14-0\">\t\t\t<label  for=\"field_nrf00-0\">\n\t\t\t<input type=\"checkbox\" name=\"item_meta[14][]\" id=\"field_nrf00-0\" value=\"du cat\u00e9chisme pour enfants ?\"  data-invmsg=\"Vous souhaitez nous contacter \u00e0 propos : est non valide\" aria-invalid=\"false\"   \/> du cat\u00e9chisme pour enfants ?<\/label><\/div>\n\t\t<div class=\"frm_checkbox\" id=\"frm_checkbox_14-1\">\t\t\t<label  for=\"field_nrf00-1\">\n\t\t\t<input type=\"checkbox\" name=\"item_meta[14][]\" id=\"field_nrf00-1\" value=\"du cat\u00e9chisme pour adultes ?\"  data-invmsg=\"Vous souhaitez nous contacter \u00e0 propos : est non valide\" aria-invalid=\"false\"   \/> du cat\u00e9chisme pour adultes ?<\/label><\/div>\n\t\t<div class=\"frm_checkbox\" id=\"frm_checkbox_14-2\">\t\t\t<label  for=\"field_nrf00-2\">\n\t\t\t<input type=\"checkbox\" name=\"item_meta[14][]\" id=\"field_nrf00-2\" value=\"pour recevoir un\/des sacrements ?\"  data-invmsg=\"Vous souhaitez nous contacter \u00e0 propos : est non valide\" aria-invalid=\"false\"   \/> pour recevoir un\/des sacrements ?<\/label><\/div>\n\t\t<div class=\"frm_checkbox\" id=\"frm_checkbox_14-3\">\t\t\t<label  for=\"field_nrf00-3\">\n\t\t\t<input type=\"checkbox\" name=\"item_meta[14][]\" id=\"field_nrf00-3\" value=\"des groupes de pri\u00e8res ?\"  data-invmsg=\"Vous souhaitez nous contacter \u00e0 propos : est non valide\" aria-invalid=\"false\"   \/> des groupes de pri\u00e8res ?<\/label><\/div>\n\t\t<div class=\"frm_checkbox\" id=\"frm_checkbox_14-4\">\t\t\t<label  for=\"field_nrf00-4\">\n\t\t\t<input type=\"checkbox\" name=\"item_meta[14][]\" id=\"field_nrf00-4\" value=\"de la chorale ?\"  data-invmsg=\"Vous souhaitez nous contacter \u00e0 propos : est non valide\" aria-invalid=\"false\"   \/> de la chorale ?<\/label><\/div>\n<\/div>\r\n\t\r\n\t\r\n<\/div>\n<div id=\"frm_field_9_container\" class=\"frm_form_field form-field  frm_required_field frm_top_container frm12 frm_first\">\r\n\t<label for=\"field_e6lis62\" id=\"field_e6lis62_label\" class=\"frm_primary_label\">Sujet\r\n\t\t<span class=\"frm_required\" aria-hidden=\"true\">*<\/span>\r\n\t<\/label>\r\n\t<input type=\"text\" id=\"field_e6lis62\" name=\"item_meta[9]\" value=\"\"  data-reqmsg=\"Sujet ne peut pas \u00eatre vide.\" aria-required=\"true\" data-invmsg=\"Sujet est non valide\" aria-invalid=\"false\"  \/>\r\n\t\r\n\t\r\n<\/div>\n<div id=\"frm_field_10_container\" class=\"frm_form_field form-field  frm_required_field frm_top_container frm_full\">\r\n\t<label for=\"field_9jv0r12\" id=\"field_9jv0r12_label\" class=\"frm_primary_label\">Message\r\n\t\t<span class=\"frm_required\" aria-hidden=\"true\">*<\/span>\r\n\t<\/label>\r\n\t<textarea name=\"item_meta[10]\" id=\"field_9jv0r12\" rows=\"5\"  data-reqmsg=\"Message ne peut pas \u00eatre vide.\" aria-required=\"true\" data-invmsg=\"Message est non valide\" aria-invalid=\"false\"  ><\/textarea>\r\n\t\r\n\t\r\n<\/div>\n<div id=\"frm_field_11_container\" class=\"frm_form_field form-field \">\r\n\t<div class=\"frm_submit\">\r\n\r\n<button class=\"frm_button_submit\" type=\"submit\"  >Envoyer<\/button>\r\n\r\n<\/div>\r\n<\/div>\n\t<input type=\"hidden\" name=\"item_key\" value=\"\" \/>\n\t\t\t\t<div class=\"frm__664ede078d9a1\">\n\t\t\t\t<label for=\"frm_email_2\" >\n\t\t\t\t\tSi vous \u00eates un humain, ne remplissez pas ce champ.\t\t\t\t<\/label>\n\t\t\t\t<input  id=\"frm_email_2\" type=\"text\" class=\"frm_verify\" name=\"frm__664ede078d9a1\" value=\"\" autocomplete=\"off\"  \/>\n\t\t\t<\/div>\n\t\t<\/div>\n<\/fieldset>\n<\/div>\n\n<p style=\"display: none !important;\" class=\"akismet-fields-container\" data-prefix=\"ak_\"><label>&#916;<textarea name=\"ak_hp_textarea\" cols=\"45\" rows=\"8\" maxlength=\"100\"><\/textarea><\/label><input type=\"hidden\" id=\"ak_js_1\" name=\"ak_js\" value=\"156\"\/><script>document.getElementById( \"ak_js_1\" ).setAttribute( \"value\", ( new Date() ).getTime() );<\/script><\/p><\/form>\n<\/div>\n<\/div>\n\t\t\t\t\t\t<\/div>\n\t\t\t\t<\/div>\n\t\t\t\t\t<\/div>\n\t\t\t\t<\/div>\n\t\t\t\t<\/div>\n\t\t","protected":false},"excerpt":{"rendered":"<p>Contacter le pr\u00eatre Contacter le pr\u00eatre P\u00e8re Charles-Placide ZONDO Tlf\u00a0: + 47\u00a0489 95\u00a0645 charles.zondo@katolsk.no Contacter la communaut\u00e9<\/p>\n","protected":false},"author":2,"featured_media":0,"parent":0,"menu_order":0,"comment_status":"closed","ping_status":"closed","template":"elementor_header_footer","meta":{"footnotes":""},"class_list":["post-39","page","type-page","status-publish","hentry","entry"],"yoast_head":"<!-- This site is optimized with the Yoast SEO plugin v24.3 - https:\/\/yoast.com\/wordpress\/plugins\/seo\/ -->\n<title>Nous contacter - Communaut\u00e9 Catholique Francophone en Norv\u00e8ge<\/title>\n<meta name=\"robots\" content=\"index, follow, max-snippet:-1, max-image-preview:large, max-video-preview:-1\" \/>\n<link rel=\"canonical\" href=\"https:\/\/catholique-francophone-norvege.com\/index.php\/contact\/\" \/>\n<meta property=\"og:locale\" content=\"fr_FR\" \/>\n<meta property=\"og:type\" content=\"article\" \/>\n<meta property=\"og:title\" content=\"Nous contacter - Communaut\u00e9 Catholique Francophone en Norv\u00e8ge\" \/>\n<meta property=\"og:description\" content=\"Contacter le pr\u00eatre Contacter le pr\u00eatre P\u00e8re Charles-Placide ZONDO Tlf\u00a0: + 47\u00a0489 95\u00a0645 charles.zondo@katolsk.no Contacter la communaut\u00e9\" \/>\n<meta property=\"og:url\" content=\"https:\/\/catholique-francophone-norvege.com\/index.php\/contact\/\" \/>\n<meta property=\"og:site_name\" content=\"Communaut\u00e9 Catholique Francophone en Norv\u00e8ge\" \/>\n<meta property=\"article:modified_time\" content=\"2025-08-13T08:43:01+00:00\" \/>\n<meta property=\"og:image\" content=\"https:\/\/catholique-francophone-norvege.com\/wp-content\/uploads\/2025\/08\/Pere_Charles.jpg\" \/>\n\t<meta property=\"og:image:width\" content=\"409\" \/>\n\t<meta property=\"og:image:height\" content=\"324\" \/>\n\t<meta property=\"og:image:type\" content=\"image\/jpeg\" \/>\n<meta name=\"twitter:card\" content=\"summary_large_image\" \/>\n<meta name=\"twitter:label1\" content=\"Dur\u00e9e de lecture estim\u00e9e\" \/>\n\t<meta name=\"twitter:data1\" content=\"1 minute\" \/>\n<script type=\"application\/ld+json\" class=\"yoast-schema-graph\">{\"@context\":\"https:\/\/schema.org\",\"@graph\":[{\"@type\":\"WebPage\",\"@id\":\"https:\/\/catholique-francophone-norvege.com\/index.php\/contact\/\",\"url\":\"https:\/\/catholique-francophone-norvege.com\/index.php\/contact\/\",\"name\":\"Nous contacter - Communaut\u00e9 Catholique Francophone en Norv\u00e8ge\",\"isPartOf\":{\"@id\":\"https:\/\/catholique-francophone-norvege.com\/#website\"},\"primaryImageOfPage\":{\"@id\":\"https:\/\/catholique-francophone-norvege.com\/index.php\/contact\/#primaryimage\"},\"image\":{\"@id\":\"https:\/\/catholique-francophone-norvege.com\/index.php\/contact\/#primaryimage\"},\"thumbnailUrl\":\"http:\/\/catholique-francophone-norvege.com\/wp-content\/uploads\/2025\/08\/Pere_Charles-300x238.jpg\",\"datePublished\":\"2024-04-21T09:32:27+00:00\",\"dateModified\":\"2025-08-13T08:43:01+00:00\",\"breadcrumb\":{\"@id\":\"https:\/\/catholique-francophone-norvege.com\/index.php\/contact\/#breadcrumb\"},\"inLanguage\":\"fr-FR\",\"potentialAction\":[{\"@type\":\"ReadAction\",\"target\":[\"https:\/\/catholique-francophone-norvege.com\/index.php\/contact\/\"]}]},{\"@type\":\"ImageObject\",\"inLanguage\":\"fr-FR\",\"@id\":\"https:\/\/catholique-francophone-norvege.com\/index.php\/contact\/#primaryimage\",\"url\":\"https:\/\/catholique-francophone-norvege.com\/wp-content\/uploads\/2025\/08\/Pere_Charles.jpg\",\"contentUrl\":\"https:\/\/catholique-francophone-norvege.com\/wp-content\/uploads\/2025\/08\/Pere_Charles.jpg\",\"width\":409,\"height\":324},{\"@type\":\"BreadcrumbList\",\"@id\":\"https:\/\/catholique-francophone-norvege.com\/index.php\/contact\/#breadcrumb\",\"itemListElement\":[{\"@type\":\"ListItem\",\"position\":1,\"name\":\"Accueil\",\"item\":\"https:\/\/catholique-francophone-norvege.com\/\"},{\"@type\":\"ListItem\",\"position\":2,\"name\":\"Nous contacter\"}]},{\"@type\":\"WebSite\",\"@id\":\"https:\/\/catholique-francophone-norvege.com\/#website\",\"url\":\"https:\/\/catholique-francophone-norvege.com\/\",\"name\":\"Communaut\u00e9 Catholique Francophone en Norv\u00e8ge\",\"description\":\"Toutes les informations utiles pour les catholiques francophones en Norv\u00e8ge : horaires des messes, inscriptions au cat\u00e9chisme, activit\u00e9s paroissiales,...\",\"publisher\":{\"@id\":\"https:\/\/catholique-francophone-norvege.com\/#organization\"},\"potentialAction\":[{\"@type\":\"SearchAction\",\"target\":{\"@type\":\"EntryPoint\",\"urlTemplate\":\"https:\/\/catholique-francophone-norvege.com\/?s={search_term_string}\"},\"query-input\":{\"@type\":\"PropertyValueSpecification\",\"valueRequired\":true,\"valueName\":\"search_term_string\"}}],\"inLanguage\":\"fr-FR\"},{\"@type\":\"Organization\",\"@id\":\"https:\/\/catholique-francophone-norvege.com\/#organization\",\"name\":\"Communaut\u00e9 Catholique Francophone en Norv\u00e8ge\",\"url\":\"https:\/\/catholique-francophone-norvege.com\/\",\"logo\":{\"@type\":\"ImageObject\",\"inLanguage\":\"fr-FR\",\"@id\":\"https:\/\/catholique-francophone-norvege.com\/#\/schema\/logo\/image\/\",\"url\":\"https:\/\/catholique-francophone-norvege.com\/wp-content\/uploads\/2024\/08\/cropped-logo-st-Olav_FR_NOR.png\",\"contentUrl\":\"https:\/\/catholique-francophone-norvege.com\/wp-content\/uploads\/2024\/08\/cropped-logo-st-Olav_FR_NOR.png\",\"width\":512,\"height\":512,\"caption\":\"Communaut\u00e9 Catholique Francophone en Norv\u00e8ge\"},\"image\":{\"@id\":\"https:\/\/catholique-francophone-norvege.com\/#\/schema\/logo\/image\/\"}}]}<\/script>\n<!-- \/ Yoast SEO plugin. -->","yoast_head_json":{"title":"Nous contacter - Communaut\u00e9 Catholique Francophone en Norv\u00e8ge","robots":{"index":"index","follow":"follow","max-snippet":"max-snippet:-1","max-image-preview":"max-image-preview:large","max-video-preview":"max-video-preview:-1"},"canonical":"https:\/\/catholique-francophone-norvege.com\/index.php\/contact\/","og_locale":"fr_FR","og_type":"article","og_title":"Nous contacter - Communaut\u00e9 Catholique Francophone en Norv\u00e8ge","og_description":"Contacter le pr\u00eatre Contacter le pr\u00eatre P\u00e8re Charles-Placide ZONDO Tlf\u00a0: + 47\u00a0489 95\u00a0645 charles.zondo@katolsk.no Contacter la communaut\u00e9","og_url":"https:\/\/catholique-francophone-norvege.com\/index.php\/contact\/","og_site_name":"Communaut\u00e9 Catholique Francophone en Norv\u00e8ge","article_modified_time":"2025-08-13T08:43:01+00:00","og_image":[{"width":409,"height":324,"url":"https:\/\/catholique-francophone-norvege.com\/wp-content\/uploads\/2025\/08\/Pere_Charles.jpg","type":"image\/jpeg"}],"twitter_card":"summary_large_image","twitter_misc":{"Dur\u00e9e de lecture estim\u00e9e":"1 minute"},"schema":{"@context":"https:\/\/schema.org","@graph":[{"@type":"WebPage","@id":"https:\/\/catholique-francophone-norvege.com\/index.php\/contact\/","url":"https:\/\/catholique-francophone-norvege.com\/index.php\/contact\/","name":"Nous contacter - Communaut\u00e9 Catholique Francophone en Norv\u00e8ge","isPartOf":{"@id":"https:\/\/catholique-francophone-norvege.com\/#website"},"primaryImageOfPage":{"@id":"https:\/\/catholique-francophone-norvege.com\/index.php\/contact\/#primaryimage"},"image":{"@id":"https:\/\/catholique-francophone-norvege.com\/index.php\/contact\/#primaryimage"},"thumbnailUrl":"http:\/\/catholique-francophone-norvege.com\/wp-content\/uploads\/2025\/08\/Pere_Charles-300x238.jpg","datePublished":"2024-04-21T09:32:27+00:00","dateModified":"2025-08-13T08:43:01+00:00","breadcrumb":{"@id":"https:\/\/catholique-francophone-norvege.com\/index.php\/contact\/#breadcrumb"},"inLanguage":"fr-FR","potentialAction":[{"@type":"ReadAction","target":["https:\/\/catholique-francophone-norvege.com\/index.php\/contact\/"]}]},{"@type":"ImageObject","inLanguage":"fr-FR","@id":"https:\/\/catholique-francophone-norvege.com\/index.php\/contact\/#primaryimage","url":"https:\/\/catholique-francophone-norvege.com\/wp-content\/uploads\/2025\/08\/Pere_Charles.jpg","contentUrl":"https:\/\/catholique-francophone-norvege.com\/wp-content\/uploads\/2025\/08\/Pere_Charles.jpg","width":409,"height":324},{"@type":"BreadcrumbList","@id":"https:\/\/catholique-francophone-norvege.com\/index.php\/contact\/#breadcrumb","itemListElement":[{"@type":"ListItem","position":1,"name":"Accueil","item":"https:\/\/catholique-francophone-norvege.com\/"},{"@type":"ListItem","position":2,"name":"Nous contacter"}]},{"@type":"WebSite","@id":"https:\/\/catholique-francophone-norvege.com\/#website","url":"https:\/\/catholique-francophone-norvege.com\/","name":"Communaut\u00e9 Catholique Francophone en Norv\u00e8ge","description":"Toutes les informations utiles pour les catholiques francophones en Norv\u00e8ge : horaires des messes, inscriptions au cat\u00e9chisme, activit\u00e9s paroissiales,...","publisher":{"@id":"https:\/\/catholique-francophone-norvege.com\/#organization"},"potentialAction":[{"@type":"SearchAction","target":{"@type":"EntryPoint","urlTemplate":"https:\/\/catholique-francophone-norvege.com\/?s={search_term_string}"},"query-input":{"@type":"PropertyValueSpecification","valueRequired":true,"valueName":"search_term_string"}}],"inLanguage":"fr-FR"},{"@type":"Organization","@id":"https:\/\/catholique-francophone-norvege.com\/#organization","name":"Communaut\u00e9 Catholique Francophone en Norv\u00e8ge","url":"https:\/\/catholique-francophone-norvege.com\/","logo":{"@type":"ImageObject","inLanguage":"fr-FR","@id":"https:\/\/catholique-francophone-norvege.com\/#\/schema\/logo\/image\/","url":"https:\/\/catholique-francophone-norvege.com\/wp-content\/uploads\/2024\/08\/cropped-logo-st-Olav_FR_NOR.png","contentUrl":"https:\/\/catholique-francophone-norvege.com\/wp-content\/uploads\/2024\/08\/cropped-logo-st-Olav_FR_NOR.png","width":512,"height":512,"caption":"Communaut\u00e9 Catholique Francophone en Norv\u00e8ge"},"image":{"@id":"https:\/\/catholique-francophone-norvege.com\/#\/schema\/logo\/image\/"}}]}},"jetpack_sharing_enabled":true,"_links":{"self":[{"href":"https:\/\/catholique-francophone-norvege.com\/index.php\/wp-json\/wp\/v2\/pages\/39","targetHints":{"allow":["GET"]}}],"collection":[{"href":"https:\/\/catholique-francophone-norvege.com\/index.php\/wp-json\/wp\/v2\/pages"}],"about":[{"href":"https:\/\/catholique-francophone-norvege.com\/index.php\/wp-json\/wp\/v2\/types\/page"}],"author":[{"embeddable":true,"href":"https:\/\/catholique-francophone-norvege.com\/index.php\/wp-json\/wp\/v2\/users\/2"}],"replies":[{"embeddable":true,"href":"https:\/\/catholique-francophone-norvege.com\/index.php\/wp-json\/wp\/v2\/comments?post=39"}],"version-history":[{"count":61,"href":"https:\/\/catholique-francophone-norvege.com\/index.php\/wp-json\/wp\/v2\/pages\/39\/revisions"}],"predecessor-version":[{"id":909,"href":"https:\/\/catholique-francophone-norvege.com\/index.php\/wp-json\/wp\/v2\/pages\/39\/revisions\/909"}],"wp:attachment":[{"href":"https:\/\/catholique-francophone-norvege.com\/index.php\/wp-json\/wp\/v2\/media?parent=39"}],"curies":[{"name":"wp","href":"https:\/\/api.w.org\/{rel}","templated":true}]}}